{"id":3135,"date":"2015-02-09T21:30:56","date_gmt":"2015-02-09T19:30:56","guid":{"rendered":"http:\/\/rantamoijanen.wpengine.com\/?page_id=3135"},"modified":"2025-05-26T00:13:20","modified_gmt":"2025-05-25T21:13:20","slug":"elf-cottage","status":"publish","type":"page","link":"https:\/\/rantamoijanen.fi\/en\/cottages\/elf-cottage\/","title":{"rendered":"Elf cottage"},"content":{"rendered":"<div class=\"fusion-sep-clear\"><\/div><div class=\"fusion-separator fusion-full-width-sep sep-none\" style=\"border-color:#e0dede;margin-top:-20px;margin-bottom:-20px;\"><\/div>\n<div class=\"fusion-slider-sc flexslider\" style=\"max-width:100%;height:100%;\"><ul class=\"slides\"><li class=\"image\"><img decoding=\"async\" src=\"https:\/\/rantamoijanen.fi\/wp-content\/uploads\/2013\/09\/tonttu1f.jpg\" \/><\/li><li class=\"image\"><img decoding=\"async\" src=\"https:\/\/rantamoijanen.fi\/wp-content\/uploads\/2013\/09\/tonttu2f.jpg\" \/><\/li><li class=\"image\"><img decoding=\"async\" src=\"https:\/\/rantamoijanen.fi\/wp-content\/uploads\/2013\/09\/tonttu3f.jpg\" \/><\/li><li class=\"image\"><img decoding=\"async\" src=\"https:\/\/rantamoijanen.fi\/wp-content\/uploads\/2013\/09\/tonttu4f.jpg\" \/><\/li><\/ul><\/div>\n<div class=\"fusion-one-half one_half fusion-layout-column fusion-column spacing-yes\"><div class=\"fusion-column-wrapper\">\n<div class=\"title\">\n<h2>Elf cottage<\/h2>\n<\/div>\n<p>Pleasant timber cottage for a small family is on a beautiful place by a meadow. From the terrace opens a gorgeus vista over the Moijasj\u00e4rvi lake. The cottage has a useful loft.<\/p>\n<p>The beach sauna has a room with a fireplace and a bathroom. Water for the saunagoers is heated in a handy water heater. Sun shines on the sauna terrace from afternoon to evening.<\/p>\n<p>This cottage was originally built for the use of our family. But since it gained such a high popularity among our guests, we decided to put it out for rent.<\/p>\n<style type='text\/css'>.reading-box-container-1 .element-bottomshadow:before,.reading-box-container-1 .element-bottomshadow:after{opacity:0.7;}<\/style><div class=\"fusion-reading-box-container reading-box-container-1\"><div class=\"reading-box\" style=\"background-color:#f6f6f6;border-width:0px;border-color:#f6f6f6;border-left-width:3px;border-left-color:#1a80b6;border-style:solid;\"><a class=\"button fusion-button button-default default button-round button-large large button-flat continue continue-right\" style=\"-webkit-box-shadow:none;-moz-box-shadow:none;box-shadow:none;\" href=\"..\/..\/varaustilanne\/\" target=\"_self\"><span>Book now<\/span><\/a><h2>Got interested?<\/h2><div class=\"reading-box-description\">Check availability and book now!<\/div><a class=\"button fusion-button button-default default button-round button-large large button-flat mobile-button continue-right\" style=\"-webkit-box-shadow:none;-moz-box-shadow:none;box-shadow:none;\" href=\"..\/..\/varaustilanne\/\" target=\"_self\"><span>Book now<\/span><\/a><\/div><\/div>\n<\/div><\/div>\n<div class=\"fusion-one-fourth one_fourth fusion-layout-column fusion-column spacing-yes\"><div class=\"fusion-column-wrapper\">\n<div class=\"title\">\n<h3>Information<\/h3>\n<\/div>\n<ul class=\"arrow\">\n<li>\n<h4 style=\"display: inline-block; margin: 0;\">Max capacity<\/h4>\n<p><span>5<\/span><\/li>\n<li>\n<h4 style=\"display: inline-block; margin: 0;\">Floor area<\/h4>\n<p><span>n. 50 m\u00b2<\/span><\/li>\n<li>\n<h4 style=\"display: inline-block; margin: 0;\">WC<\/h4>\n<p><span>Biologinen ulkok\u00e4ym\u00e4l\u00e4<\/span><\/li>\n<li>\n<h4 style=\"display: inline-block; margin: 0;\">Sauna<\/h4>\n<p><span>Rantasauna<\/span><\/li>\n<li>\n<h4 style=\"display: inline-block; margin: 0;\">Fireplace<\/h4>\n<p><span>Yes<\/span><\/li>\n<li>\n<h4 style=\"display: inline-block; margin: 0;\">TV<\/h4>\n<p><span>Yes<\/span><\/li>\n<li>\n<h4 style=\"display: inline-block; margin: 0;\">Grill<\/h4>\n<p><span>Yes<\/span><\/li>\n<li>\n<h4 style=\"display: inline-block; margin: 0;\">Kitchen equipment<\/h4>\n<p><span>Oven, microwave oven<\/span><br \/>\n<span>refrigerator, coffee maker,<\/span><br \/>\n<span>water boiler, hand blender<\/span><br \/>\n<span>running water from a well (both hot and cold)<\/span><\/li>\n<\/ul>\n<\/div><\/div>\n<div class=\"fusion-one-fourth one_fourth fusion-layout-column fusion-column last spacing-yes\"><div class=\"fusion-column-wrapper\">\n<div class=\"title\">\n<h3>Prices<\/h3>\n<\/div>\n<ul class=\"arrow\">\n<li>\n<h4 style=\"display: inline-block; margin: 0;\">Week (season)<\/h4>\n<p><span>530\u20ac<\/span><\/li>\n<li>\n<h4 style=\"display: inline-block; margin: 0;\">Season<\/h4>\n<p><span>vkot 25-33<\/span><\/li>\n<li>\n<h4 style=\"display: inline-block; margin: 0;\">Week (off season)<\/h4>\n<p><span>470\u20ac<\/span><\/li>\n<li>\n<h4 style=\"display: inline-block; margin: 0;\">Weekend<\/h4>\n<p><span>190\u20ac<\/span><\/li>\n<li>\n<h4 style=\"display: inline-block; margin: 0;\">Midsummer week (8 days)<\/h4>\n<p><span>620\u20ac<\/span><\/li>\n<li>\n<h4 style=\"display: inline-block; margin: 0;\">Reservation fee (deducted from the final rent)<\/h4>\n<p><span>120\u20ac<\/span><\/li>\n<\/ul>\n<\/div><\/div><div class=\"fusion-clearfix\"><\/div>\n","protected":false},"excerpt":{"rendered":"","protected":false},"author":1,"featured_media":0,"parent":3114,"menu_order":20,"comment_status":"open","ping_status":"closed","template":"","meta":{"_monsterinsights_skip_tracking":false,"_monsterinsights_sitenote_active":false,"_monsterinsights_sitenote_note":"","_monsterinsights_sitenote_category":0,"footnotes":""},"class_list":["post-3135","page","type-page","status-publish","hentry"],"yoast_head":"<!-- This site is optimized with the Yoast SEO plugin v26.8 - https:\/\/yoast.com\/product\/yoast-seo-wordpress\/ -->\n<title>Elf cottage - Rantamoijanen Cottages<\/title>\n<meta name=\"robots\" content=\"index, follow, max-snippet:-1, max-image-preview:large, max-video-preview:-1\" \/>\n<link rel=\"canonical\" href=\"https:\/\/rantamoijanen.fi\/en\/cottages\/elf-cottage\/\" \/>\n<meta property=\"og:locale\" content=\"en_US\" \/>\n<meta property=\"og:type\" content=\"article\" \/>\n<meta property=\"og:title\" content=\"Elf cottage - Rantamoijanen Cottages\" \/>\n<meta property=\"og:url\" content=\"https:\/\/rantamoijanen.fi\/en\/cottages\/elf-cottage\/\" \/>\n<meta property=\"og:site_name\" content=\"Rantamoijanen Cottages\" \/>\n<meta property=\"article:modified_time\" content=\"2025-05-25T21:13:20+00:00\" \/>\n<meta name=\"twitter:label1\" content=\"Est. reading time\" \/>\n\t<meta name=\"twitter:data1\" content=\"2 minutes\" \/>\n<script type=\"application\/ld+json\" class=\"yoast-schema-graph\">{\"@context\":\"https:\/\/schema.org\",\"@graph\":[{\"@type\":\"WebPage\",\"@id\":\"https:\/\/rantamoijanen.fi\/en\/cottages\/elf-cottage\/\",\"url\":\"https:\/\/rantamoijanen.fi\/en\/cottages\/elf-cottage\/\",\"name\":\"Elf cottage - Rantamoijanen Cottages\",\"isPartOf\":{\"@id\":\"https:\/\/rantamoijanen.fi\/#website\"},\"datePublished\":\"2015-02-09T19:30:56+00:00\",\"dateModified\":\"2025-05-25T21:13:20+00:00\",\"breadcrumb\":{\"@id\":\"https:\/\/rantamoijanen.fi\/en\/cottages\/elf-cottage\/#breadcrumb\"},\"inLanguage\":\"en-US\",\"potentialAction\":[{\"@type\":\"ReadAction\",\"target\":[\"https:\/\/rantamoijanen.fi\/en\/cottages\/elf-cottage\/\"]}]},{\"@type\":\"BreadcrumbList\",\"@id\":\"https:\/\/rantamoijanen.fi\/en\/cottages\/elf-cottage\/#breadcrumb\",\"itemListElement\":[{\"@type\":\"ListItem\",\"position\":1,\"name\":\"Home\",\"item\":\"https:\/\/rantamoijanen.fi\/en\/\"},{\"@type\":\"ListItem\",\"position\":2,\"name\":\"Cottages\",\"item\":\"https:\/\/rantamoijanen.fi\/en\/cottages\/\"},{\"@type\":\"ListItem\",\"position\":3,\"name\":\"Elf cottage\"}]},{\"@type\":\"WebSite\",\"@id\":\"https:\/\/rantamoijanen.fi\/#website\",\"url\":\"https:\/\/rantamoijanen.fi\/\",\"name\":\"Rantamoijanen Cottages\",\"description\":\"Have a great holiday in Central Finland!\",\"potentialAction\":[{\"@type\":\"SearchAction\",\"target\":{\"@type\":\"EntryPoint\",\"urlTemplate\":\"https:\/\/rantamoijanen.fi\/?s={search_term_string}\"},\"query-input\":{\"@type\":\"PropertyValueSpecification\",\"valueRequired\":true,\"valueName\":\"search_term_string\"}}],\"inLanguage\":\"en-US\"}]}<\/script>\n<!-- \/ Yoast SEO plugin. -->","yoast_head_json":{"title":"Elf cottage - Rantamoijanen Cottages","robots":{"index":"index","follow":"follow","max-snippet":"max-snippet:-1","max-image-preview":"max-image-preview:large","max-video-preview":"max-video-preview:-1"},"canonical":"https:\/\/rantamoijanen.fi\/en\/cottages\/elf-cottage\/","og_locale":"en_US","og_type":"article","og_title":"Elf cottage - Rantamoijanen Cottages","og_url":"https:\/\/rantamoijanen.fi\/en\/cottages\/elf-cottage\/","og_site_name":"Rantamoijanen Cottages","article_modified_time":"2025-05-25T21:13:20+00:00","twitter_misc":{"Est. reading time":"2 minutes"},"schema":{"@context":"https:\/\/schema.org","@graph":[{"@type":"WebPage","@id":"https:\/\/rantamoijanen.fi\/en\/cottages\/elf-cottage\/","url":"https:\/\/rantamoijanen.fi\/en\/cottages\/elf-cottage\/","name":"Elf cottage - Rantamoijanen Cottages","isPartOf":{"@id":"https:\/\/rantamoijanen.fi\/#website"},"datePublished":"2015-02-09T19:30:56+00:00","dateModified":"2025-05-25T21:13:20+00:00","breadcrumb":{"@id":"https:\/\/rantamoijanen.fi\/en\/cottages\/elf-cottage\/#breadcrumb"},"inLanguage":"en-US","potentialAction":[{"@type":"ReadAction","target":["https:\/\/rantamoijanen.fi\/en\/cottages\/elf-cottage\/"]}]},{"@type":"BreadcrumbList","@id":"https:\/\/rantamoijanen.fi\/en\/cottages\/elf-cottage\/#breadcrumb","itemListElement":[{"@type":"ListItem","position":1,"name":"Home","item":"https:\/\/rantamoijanen.fi\/en\/"},{"@type":"ListItem","position":2,"name":"Cottages","item":"https:\/\/rantamoijanen.fi\/en\/cottages\/"},{"@type":"ListItem","position":3,"name":"Elf cottage"}]},{"@type":"WebSite","@id":"https:\/\/rantamoijanen.fi\/#website","url":"https:\/\/rantamoijanen.fi\/","name":"Rantamoijanen Cottages","description":"Have a great holiday in Central Finland!","potentialAction":[{"@type":"SearchAction","target":{"@type":"EntryPoint","urlTemplate":"https:\/\/rantamoijanen.fi\/?s={search_term_string}"},"query-input":{"@type":"PropertyValueSpecification","valueRequired":true,"valueName":"search_term_string"}}],"inLanguage":"en-US"}]}},"_links":{"self":[{"href":"https:\/\/rantamoijanen.fi\/en\/wp-json\/wp\/v2\/pages\/3135\/"}],"collection":[{"href":"https:\/\/rantamoijanen.fi\/en\/wp-json\/wp\/v2\/pages\/"}],"about":[{"href":"https:\/\/rantamoijanen.fi\/en\/wp-json\/wp\/v2\/types\/page\/"}],"author":[{"embeddable":true,"href":"https:\/\/rantamoijanen.fi\/en\/wp-json\/wp\/v2\/users\/1\/"}],"replies":[{"embeddable":true,"href":"https:\/\/rantamoijanen.fi\/en\/wp-json\/wp\/v2\/comments\/?post=3135"}],"version-history":[{"count":4,"href":"https:\/\/rantamoijanen.fi\/en\/wp-json\/wp\/v2\/pages\/3135\/revisions\/"}],"predecessor-version":[{"id":3527,"href":"https:\/\/rantamoijanen.fi\/en\/wp-json\/wp\/v2\/pages\/3135\/revisions\/3527\/"}],"up":[{"embeddable":true,"href":"https:\/\/rantamoijanen.fi\/en\/wp-json\/wp\/v2\/pages\/3114\/"}],"wp:attachment":[{"href":"https:\/\/rantamoijanen.fi\/en\/wp-json\/wp\/v2\/media\/?parent=3135"}],"curies":[{"name":"wp","href":"https:\/\/api.w.org\/{rel}","templated":true}]}}