{"id":3114,"date":"2015-02-09T20:31:50","date_gmt":"2015-02-09T18:31:50","guid":{"rendered":"http:\/\/rantamoijanen.wpengine.com\/?page_id=3114"},"modified":"2015-02-09T21:21:23","modified_gmt":"2015-02-09T19:21:23","slug":"cottages","status":"publish","type":"page","link":"https:\/\/rantamoijanen.fi\/en\/cottages\/","title":{"rendered":"Cottages"},"content":{"rendered":"<h2>Where are we located?<\/h2>\n<p>We are renting eight holiday cottages, six of which reside by the Moijasj\u00e4rvi lake and two are in the islands of the nearby Ukonselk\u00e4 lake. Our cottages are located in Keuruu, in Westen Central Finland.<br \/>\nDriving from Jyv\u00e4skyl\u00e4 to our farm takes slightly less than an hour, from Tampere it takes about an hour and a half. Driving instructions to our farm and a map can be found here.<\/p>\n<h2>How are the cottages equipped?<\/h2>\n<p>Each cottage has a wood-heated sauna and a beach with a sandy bottom. A rowing boat, a fish trap and a grill also belong to the equipment of each cottage. The cottages have a kitchen or a kitchenette  with basic equipment \u2013 service, cooking utensils  and coffee maker.<\/p>\n<p>Bedclothes and towels are not included in the rent.  <br \/>We rent them for a fee of  10 eur per set<\/p>\n","protected":false},"excerpt":{"rendered":"<p>Where are we located? We are renting eight holiday cottages, six of which reside by the Moijasj\u00e4rvi lake and two are in the islands of the nearby Ukonselk\u00e4 lake. Our cottages are located in Keuruu, in Westen Central Finland. Driving from Jyv\u00e4skyl\u00e4 to our farm takes slightly less than an hour, from Tampere it takes [&hellip;]<\/p>\n","protected":false},"author":1,"featured_media":0,"parent":0,"menu_order":0,"comment_status":"open","ping_status":"open","template":"side-navigation.php","meta":{"_monsterinsights_skip_tracking":false,"_monsterinsights_sitenote_active":false,"_monsterinsights_sitenote_note":"","_monsterinsights_sitenote_category":0,"footnotes":""},"class_list":["post-3114","page","type-page","status-publish","hentry"],"yoast_head":"<!-- This site is optimized with the Yoast SEO plugin v26.8 - https:\/\/yoast.com\/product\/yoast-seo-wordpress\/ -->\n<title>Cottages - Rantamoijanen Cottages<\/title>\n<meta name=\"robots\" content=\"index, follow, max-snippet:-1, max-image-preview:large, max-video-preview:-1\" \/>\n<link rel=\"canonical\" href=\"https:\/\/rantamoijanen.fi\/en\/cottages\/\" \/>\n<meta property=\"og:locale\" content=\"en_US\" \/>\n<meta property=\"og:type\" content=\"article\" \/>\n<meta property=\"og:title\" content=\"Cottages - Rantamoijanen Cottages\" \/>\n<meta property=\"og:description\" content=\"Where are we located? We are renting eight holiday cottages, six of which reside by the Moijasj\u00e4rvi lake and two are in the islands of the nearby Ukonselk\u00e4 lake. Our cottages are located in Keuruu, in Westen Central Finland. Driving from Jyv\u00e4skyl\u00e4 to our farm takes slightly less than an hour, from Tampere it takes [&hellip;]\" \/>\n<meta property=\"og:url\" content=\"https:\/\/rantamoijanen.fi\/en\/cottages\/\" \/>\n<meta property=\"og:site_name\" content=\"Rantamoijanen Cottages\" \/>\n<meta property=\"article:modified_time\" content=\"2015-02-09T19:21:23+00:00\" \/>\n<meta name=\"twitter:label1\" content=\"Est. reading time\" \/>\n\t<meta name=\"twitter:data1\" content=\"1 minute\" \/>\n<script type=\"application\/ld+json\" class=\"yoast-schema-graph\">{\"@context\":\"https:\/\/schema.org\",\"@graph\":[{\"@type\":\"WebPage\",\"@id\":\"https:\/\/rantamoijanen.fi\/en\/cottages\/\",\"url\":\"https:\/\/rantamoijanen.fi\/en\/cottages\/\",\"name\":\"Cottages - Rantamoijanen Cottages\",\"isPartOf\":{\"@id\":\"https:\/\/rantamoijanen.fi\/#website\"},\"datePublished\":\"2015-02-09T18:31:50+00:00\",\"dateModified\":\"2015-02-09T19:21:23+00:00\",\"breadcrumb\":{\"@id\":\"https:\/\/rantamoijanen.fi\/en\/cottages\/#breadcrumb\"},\"inLanguage\":\"en-US\",\"potentialAction\":[{\"@type\":\"ReadAction\",\"target\":[\"https:\/\/rantamoijanen.fi\/en\/cottages\/\"]}]},{\"@type\":\"BreadcrumbList\",\"@id\":\"https:\/\/rantamoijanen.fi\/en\/cottages\/#breadcrumb\",\"itemListElement\":[{\"@type\":\"ListItem\",\"position\":1,\"name\":\"Home\",\"item\":\"https:\/\/rantamoijanen.fi\/en\/\"},{\"@type\":\"ListItem\",\"position\":2,\"name\":\"Cottages\"}]},{\"@type\":\"WebSite\",\"@id\":\"https:\/\/rantamoijanen.fi\/#website\",\"url\":\"https:\/\/rantamoijanen.fi\/\",\"name\":\"Rantamoijanen Cottages\",\"description\":\"Have a great holiday in Central Finland!\",\"potentialAction\":[{\"@type\":\"SearchAction\",\"target\":{\"@type\":\"EntryPoint\",\"urlTemplate\":\"https:\/\/rantamoijanen.fi\/?s={search_term_string}\"},\"query-input\":{\"@type\":\"PropertyValueSpecification\",\"valueRequired\":true,\"valueName\":\"search_term_string\"}}],\"inLanguage\":\"en-US\"}]}<\/script>\n<!-- \/ Yoast SEO plugin. -->","yoast_head_json":{"title":"Cottages - Rantamoijanen Cottages","robots":{"index":"index","follow":"follow","max-snippet":"max-snippet:-1","max-image-preview":"max-image-preview:large","max-video-preview":"max-video-preview:-1"},"canonical":"https:\/\/rantamoijanen.fi\/en\/cottages\/","og_locale":"en_US","og_type":"article","og_title":"Cottages - Rantamoijanen Cottages","og_description":"Where are we located? We are renting eight holiday cottages, six of which reside by the Moijasj\u00e4rvi lake and two are in the islands of the nearby Ukonselk\u00e4 lake. Our cottages are located in Keuruu, in Westen Central Finland. Driving from Jyv\u00e4skyl\u00e4 to our farm takes slightly less than an hour, from Tampere it takes [&hellip;]","og_url":"https:\/\/rantamoijanen.fi\/en\/cottages\/","og_site_name":"Rantamoijanen Cottages","article_modified_time":"2015-02-09T19:21:23+00:00","twitter_misc":{"Est. reading time":"1 minute"},"schema":{"@context":"https:\/\/schema.org","@graph":[{"@type":"WebPage","@id":"https:\/\/rantamoijanen.fi\/en\/cottages\/","url":"https:\/\/rantamoijanen.fi\/en\/cottages\/","name":"Cottages - Rantamoijanen Cottages","isPartOf":{"@id":"https:\/\/rantamoijanen.fi\/#website"},"datePublished":"2015-02-09T18:31:50+00:00","dateModified":"2015-02-09T19:21:23+00:00","breadcrumb":{"@id":"https:\/\/rantamoijanen.fi\/en\/cottages\/#breadcrumb"},"inLanguage":"en-US","potentialAction":[{"@type":"ReadAction","target":["https:\/\/rantamoijanen.fi\/en\/cottages\/"]}]},{"@type":"BreadcrumbList","@id":"https:\/\/rantamoijanen.fi\/en\/cottages\/#breadcrumb","itemListElement":[{"@type":"ListItem","position":1,"name":"Home","item":"https:\/\/rantamoijanen.fi\/en\/"},{"@type":"ListItem","position":2,"name":"Cottages"}]},{"@type":"WebSite","@id":"https:\/\/rantamoijanen.fi\/#website","url":"https:\/\/rantamoijanen.fi\/","name":"Rantamoijanen Cottages","description":"Have a great holiday in Central Finland!","potentialAction":[{"@type":"SearchAction","target":{"@type":"EntryPoint","urlTemplate":"https:\/\/rantamoijanen.fi\/?s={search_term_string}"},"query-input":{"@type":"PropertyValueSpecification","valueRequired":true,"valueName":"search_term_string"}}],"inLanguage":"en-US"}]}},"_links":{"self":[{"href":"https:\/\/rantamoijanen.fi\/en\/wp-json\/wp\/v2\/pages\/3114\/"}],"collection":[{"href":"https:\/\/rantamoijanen.fi\/en\/wp-json\/wp\/v2\/pages\/"}],"about":[{"href":"https:\/\/rantamoijanen.fi\/en\/wp-json\/wp\/v2\/types\/page\/"}],"author":[{"embeddable":true,"href":"https:\/\/rantamoijanen.fi\/en\/wp-json\/wp\/v2\/users\/1\/"}],"replies":[{"embeddable":true,"href":"https:\/\/rantamoijanen.fi\/en\/wp-json\/wp\/v2\/comments\/?post=3114"}],"version-history":[{"count":0,"href":"https:\/\/rantamoijanen.fi\/en\/wp-json\/wp\/v2\/pages\/3114\/revisions\/"}],"wp:attachment":[{"href":"https:\/\/rantamoijanen.fi\/en\/wp-json\/wp\/v2\/media\/?parent=3114"}],"curies":[{"name":"wp","href":"https:\/\/api.w.org\/{rel}","templated":true}]}}